{"id":3,"date":"2019-10-11T17:30:35","date_gmt":"2019-10-11T15:30:35","guid":{"rendered":"https:\/\/www.team-shipping.com\/?page_id=3"},"modified":"2023-07-27T07:15:31","modified_gmt":"2023-07-27T05:15:31","slug":"privacy-policy","status":"publish","type":"page","link":"https:\/\/www.team-shipping.com\/it\/privacy-policy\/","title":{"rendered":"Privacy Policy"},"content":{"rendered":"<div class=\"wpb-content-wrapper\"><p>[vc_row][vc_column][vc_column_text]<\/p>\n<h4>Informativa sulla privacy<\/h4>\n<p><strong>Informativa sul trattamento dei dati personali (Codice della privacy &#8211; d.lgs. 30.6.2003, n. 196 \u2013 Art. 13 \u2013 Regolamento UE 679\/2016 sul trattamento dei dati personali \u2013 Art. 13)<\/strong><\/p>\n<p><strong>Team Shipping Agency S.r.l.<\/strong> con sede legale in Viale Ancona 24 \u2013 30 \u2013 Mestre (VE), CF e P.IVA 02045760275 (in seguito, \u201c<strong>Titolare<\/strong>\u201d), in qualit\u00e0 di titolare del trattamento, La informa ai sensi dell\u2019art. 13 D.Lgs. 30.6.2003 n. 196 (in seguito, \u201c<strong>Codice Privacy<\/strong>\u201d) e dell\u2019art. 13 Regolamento UE n. 2016\/679 (in seguito, \u201c<strong>GDPR<\/strong>\u201d) che i Suoi dati saranno trattati con le modalit\u00e0 e per le finalit\u00e0 seguenti:<\/p>\n<h4>Oggetto del trattamento<\/h4>\n<p>Il Titolare tratta i dati personali, anche particolari (ad esempio, nome, cognome, ragione sociale, documenti di identit\u00e0, indirizzo, telefono, dati di contatto, informazioni generali e specifiche sui soggetti finalizzate alla corretta esecuzione dei contratti) \u2013 in seguito, \u201cdati personali\u201d o anche \u201cdati\u201d da Lei comunicati in occasione della conclusione di contratti per i servizi del Titolare. Per trattamento di dati personali si intende qualsiasi operazione o insieme di operazioni, compiute con o senza l&#8217;ausilio di processi automatizzati e applicate a dati personali o insiemi di dati personali, anche se non registrati in una banca di dati, come la raccolta, la registrazione, l&#8217;organizzazione, la strutturazione, la conservazione, l&#8217;elaborazione, la selezione, il blocco, l&#8217;adattamento o la modifica, l&#8217;estrazione, la consultazione, l&#8217;uso, la comunicazione mediante trasmissione, la diffusione o qualsiasi altra forma di messa a disposizione, il raffronto o l&#8217;interconnessione, la limitazione, la cancellazione o la distruzione.<\/p>\n<h4>Finalit\u00e0 del trattamento<\/h4>\n<p>I Suoi dati personali sono trattati:<br \/>\nA) senza il Suo consenso espresso (art. 24 lett. a), b), c) Codice Privacy e art. 6 lett. b), e) GDPR), per le seguenti Finalit\u00e0 di Servizio:<br \/>\n&#8211; concludere i contratti per i servizi del Titolare;<br \/>\n&#8211; inviare comunicazioni di servizio<br \/>\n&#8211; adempiere agli obblighi previsti dalla legge, da un regolamento, dalla normativa comunitaria o da un ordine dell\u2019Autorit\u00e0<br \/>\n&#8211; esercitare i diritti del Titolare, ad esempio il diritto di difesa in giudizio;<\/p>\n<h4>Modalit\u00e0 del trattamento<\/h4>\n<p>Il trattamento dei Suoi dati personali \u00e8 realizzato per mezzo delle operazioni indicate all\u2019art. 4 Codice Privacy e all\u2019art. 4 n. 2) GDPR e precisamente: raccolta, registrazione, organizzazione, conservazione, consultazione, elaborazione, modificazione, selezione, estrazione, raffronto, utilizzo, interconnessione, blocco, comunicazione, cancellazione e distruzione dei dati. I Suoi dati personali sono sottoposti a trattamento sia cartaceo che elettronico e\/o automatizzato.<br \/>\nIl Titolare tratter\u00e0 i dati personali per il tempo necessario per adempiere alle finalit\u00e0 di cui sopra e comunque per non oltre 10 anni dalla cessazione del rapporto per le Finalit\u00e0 di Servizio.<\/p>\n<h4>Accesso ai dati<\/h4>\n<p>I Suoi dati potranno essere resi accessibili per le finalit\u00e0 di cui all\u2019art. 2.A):<br \/>\n&#8211; a dipendenti e collaboratori del Titolare o delle societ\u00e0 del Gruppo in Italia e all\u2019estero, nella loro qualit\u00e0 di incaricati e\/o responsabili interni del trattamento e\/o amministratori di sistema;<br \/>\n&#8211; a societ\u00e0 terze o altri soggetti (a titolo indicativo, istituti di credito, studi professionali, consulenti, partner commerciali, societ\u00e0 di assicurazione per la prestazione di servizi assicurativi, etc.) che svolgono attivit\u00e0 in outsourcing per conto del Titolare, nella loro qualit\u00e0 di responsabili esterni del trattamento<\/p>\n<h4>Comunicazione dei dati<\/h4>\n<p>I dati personali sono conservati su server ubicati all\u2019interno dell\u2019Unione Europea. Resta in ogni caso inteso che il Titolare, ove si rendesse necessario, avr\u00e0 facolt\u00e0 di spostare i server anche extra-UE. In tal caso, il Titolare assicura sin d\u2019ora che il trasferimento dei dati extra-UE avverr\u00e0 in conformit\u00e0 alle disposizioni di legge applicabili, previa stipula delle clausole contrattuali standard previste dalla Commissione Europea.<\/p>\n<h4>Natura del conferimento dei dati e conseguenze del rifiuto di rispondere<\/h4>\n<p>Si precisa che con riferimento alle finalit\u00e0 di cui a punti 2 A del paragrafo \u201cFinalit\u00e0 di trattamento\u201d in mancanza dei dati personali che La riguardano la prestazione non potr\u00e0 essere effettuata.<\/p>\n<h4>Diritti dell\u2019interessato<\/h4>\n<p>Nella Sua qualit\u00e0 di interessato, ha i diritti di cui all\u2019art. 7 Codice Privacy e art. 15 GDPR e precisamente i diritti di:<br \/>\n&#8211; ottenere la conferma dell\u2019esistenza o meno di dati personali che La riguardano, anche se non ancora<br \/>\nregistrati, e la loro comunicazione in forma intelligibile;<br \/>\n&#8211; ottenere l\u2019indicazione: a) dell\u2019origine dei dati personali; b) delle finalit\u00e0 e modalit\u00e0 del trattamento; c) della logica applicata in caso di trattamento effettuato con l\u2019ausilio di strumenti elettronici; d) degli estremi identificativi del titolare, dei responsabili e del rappresentante designato ai sensi dell\u2019art. 5, comma 2 Codice Privacy e art. 3, comma 1, GDPR; e) dei soggetti o delle categorie di soggetti ai quali i dati personali possono essere comunicati o che possono venirne a conoscenza in qualit\u00e0 di rappresentante designato nel territorio dello Stato, di responsabili o incaricati;<br \/>\n&#8211; ottenere: a) l\u2019aggiornamento, la rettificazione ovvero, quando vi ha interesse, l\u2019integrazione dei dati; b) la cancellazione, la trasformazione in forma anonima o il blocco dei dati trattati in violazione di legge, compresi quelli di cui non \u00e8 necessaria la conservazione in relazione agli scopi per i quali i dati sono stati raccolti o successivamente trattati; c) l\u2019attestazione che le operazioni di cui alle lettere a) e b) sono state portate a conoscenza, anche per quanto riguarda il loro contenuto, di coloro ai quali i dati sono stati comunicatio diffusi, eccettuato il caso in cui tale adempimento si rivela impossibile o comporta un impiego di mezzi manifestamente sproporzionato rispetto al diritto tutelato;<br \/>\n&#8211; opporsi, in tutto o in parte: a) per motivi legittimi al trattamento dei dati personali che La riguardano, ancorch\u00e9 pertinenti allo scopo della raccolta;<br \/>\nOve applicabili, ha altres\u00ec i diritti di cui agli artt. 16-21 GDPR (Diritto di rettifica, diritto all\u2019oblio, diritto di limitazione di trattamento, diritto alla portabilit\u00e0 dei dati, diritto di opposizione), nonch\u00e9 il diritto di reclamo all\u2019Autorit\u00e0 Garante.<\/p>\n<h4>Modalit\u00e0 di esercizio dei diritti<\/h4>\n<p>Potr\u00e0 in qualsiasi momento esercitare i diritti inviando:<br \/>\nTeam Shipping Agency S.r.l. con sede legale in Viale Ancona 24 \u2013 30 \u2013 Mestre (VE), oppure una e-mail all\u2019indirizzo<br \/>\ninfo@team-shipping.com<\/p>\n<h4>Titolare, responsabile e incaricati<\/h4>\n<p><strong>Team Shipping Agency S.r.l.<\/strong> con sede legale in Viale Ancona 24 \u2013 30 \u2013 Mestre (VE). L\u2019elenco aggiornato dei responsabili e degli incaricati al trattamento \u00e8 custodito presso la sede legale del Titolare del trattamento.[\/vc_column_text][\/vc_column][\/vc_row]<\/p>\n<\/div>","protected":false},"excerpt":{"rendered":"<p>[vc_row][vc_column][vc_column_text] Informativa sulla privacy Informativa sul trattamento dei dati personali (Codice della privacy &#8211; d.lgs. 30.6.2003, n. 196 \u2013 Art. 13 \u2013 Regolamento UE 679\/2016 sul trattamento dei dati personali \u2013 Art. 13) Team Shipping Agency S.r.l. con sede legale &hellip;<\/p>\n","protected":false},"author":1,"featured_media":0,"parent":0,"menu_order":0,"comment_status":"closed","ping_status":"closed","template":"","meta":{"footnotes":""},"class_list":["post-3","page","type-page","status-publish","hentry"],"yoast_head":"<!-- This site is optimized with the Yoast SEO plugin v24.8.1 - https:\/\/yoast.com\/wordpress\/plugins\/seo\/ -->\n<title>Privacy Policy - Team Shipping<\/title>\n<meta name=\"robots\" content=\"index, follow, max-snippet:-1, max-image-preview:large, max-video-preview:-1\" \/>\n<link rel=\"canonical\" href=\"https:\/\/www.team-shipping.com\/it\/privacy-policy\/\" \/>\n<meta property=\"og:locale\" content=\"it_IT\" \/>\n<meta property=\"og:type\" content=\"article\" \/>\n<meta property=\"og:title\" content=\"Privacy Policy - Team Shipping\" \/>\n<meta property=\"og:description\" content=\"[vc_row][vc_column][vc_column_text] Informativa sulla privacy Informativa sul trattamento dei dati personali (Codice della privacy &#8211; d.lgs. 30.6.2003, n. 196 \u2013 Art. 13 \u2013 Regolamento UE 679\/2016 sul trattamento dei dati personali \u2013 Art. 13) Team Shipping Agency S.r.l. con sede legale &hellip;\" \/>\n<meta property=\"og:url\" content=\"https:\/\/www.team-shipping.com\/it\/privacy-policy\/\" \/>\n<meta property=\"og:site_name\" content=\"Team Shipping\" \/>\n<meta property=\"article:modified_time\" content=\"2023-07-27T05:15:31+00:00\" \/>\n<meta name=\"twitter:card\" content=\"summary_large_image\" \/>\n<meta name=\"twitter:label1\" content=\"Tempo di lettura stimato\" \/>\n\t<meta name=\"twitter:data1\" content=\"6 minuti\" \/>\n<script type=\"application\/ld+json\" class=\"yoast-schema-graph\">{\"@context\":\"https:\/\/schema.org\",\"@graph\":[{\"@type\":\"WebPage\",\"@id\":\"https:\/\/www.team-shipping.com\/it\/privacy-policy\/\",\"url\":\"https:\/\/www.team-shipping.com\/it\/privacy-policy\/\",\"name\":\"Privacy Policy - Team Shipping\",\"isPartOf\":{\"@id\":\"https:\/\/www.team-shipping.com\/it\/#website\"},\"datePublished\":\"2019-10-11T15:30:35+00:00\",\"dateModified\":\"2023-07-27T05:15:31+00:00\",\"breadcrumb\":{\"@id\":\"https:\/\/www.team-shipping.com\/it\/privacy-policy\/#breadcrumb\"},\"inLanguage\":\"it-IT\",\"potentialAction\":[{\"@type\":\"ReadAction\",\"target\":[\"https:\/\/www.team-shipping.com\/it\/privacy-policy\/\"]}]},{\"@type\":\"BreadcrumbList\",\"@id\":\"https:\/\/www.team-shipping.com\/it\/privacy-policy\/#breadcrumb\",\"itemListElement\":[{\"@type\":\"ListItem\",\"position\":1,\"name\":\"Home\",\"item\":\"https:\/\/www.team-shipping.com\/it\/\"},{\"@type\":\"ListItem\",\"position\":2,\"name\":\"Privacy Policy\"}]},{\"@type\":\"WebSite\",\"@id\":\"https:\/\/www.team-shipping.com\/it\/#website\",\"url\":\"https:\/\/www.team-shipping.com\/it\/\",\"name\":\"Team Shipping\",\"description\":\"\",\"potentialAction\":[{\"@type\":\"SearchAction\",\"target\":{\"@type\":\"EntryPoint\",\"urlTemplate\":\"https:\/\/www.team-shipping.com\/it\/?s={search_term_string}\"},\"query-input\":{\"@type\":\"PropertyValueSpecification\",\"valueRequired\":true,\"valueName\":\"search_term_string\"}}],\"inLanguage\":\"it-IT\"}]}<\/script>\n<!-- \/ Yoast SEO plugin. -->","yoast_head_json":{"title":"Privacy Policy - Team Shipping","robots":{"index":"index","follow":"follow","max-snippet":"max-snippet:-1","max-image-preview":"max-image-preview:large","max-video-preview":"max-video-preview:-1"},"canonical":"https:\/\/www.team-shipping.com\/it\/privacy-policy\/","og_locale":"it_IT","og_type":"article","og_title":"Privacy Policy - Team Shipping","og_description":"[vc_row][vc_column][vc_column_text] Informativa sulla privacy Informativa sul trattamento dei dati personali (Codice della privacy &#8211; d.lgs. 30.6.2003, n. 196 \u2013 Art. 13 \u2013 Regolamento UE 679\/2016 sul trattamento dei dati personali \u2013 Art. 13) Team Shipping Agency S.r.l. con sede legale &hellip;","og_url":"https:\/\/www.team-shipping.com\/it\/privacy-policy\/","og_site_name":"Team Shipping","article_modified_time":"2023-07-27T05:15:31+00:00","twitter_card":"summary_large_image","twitter_misc":{"Tempo di lettura stimato":"6 minuti"},"schema":{"@context":"https:\/\/schema.org","@graph":[{"@type":"WebPage","@id":"https:\/\/www.team-shipping.com\/it\/privacy-policy\/","url":"https:\/\/www.team-shipping.com\/it\/privacy-policy\/","name":"Privacy Policy - Team Shipping","isPartOf":{"@id":"https:\/\/www.team-shipping.com\/it\/#website"},"datePublished":"2019-10-11T15:30:35+00:00","dateModified":"2023-07-27T05:15:31+00:00","breadcrumb":{"@id":"https:\/\/www.team-shipping.com\/it\/privacy-policy\/#breadcrumb"},"inLanguage":"it-IT","potentialAction":[{"@type":"ReadAction","target":["https:\/\/www.team-shipping.com\/it\/privacy-policy\/"]}]},{"@type":"BreadcrumbList","@id":"https:\/\/www.team-shipping.com\/it\/privacy-policy\/#breadcrumb","itemListElement":[{"@type":"ListItem","position":1,"name":"Home","item":"https:\/\/www.team-shipping.com\/it\/"},{"@type":"ListItem","position":2,"name":"Privacy Policy"}]},{"@type":"WebSite","@id":"https:\/\/www.team-shipping.com\/it\/#website","url":"https:\/\/www.team-shipping.com\/it\/","name":"Team Shipping","description":"","potentialAction":[{"@type":"SearchAction","target":{"@type":"EntryPoint","urlTemplate":"https:\/\/www.team-shipping.com\/it\/?s={search_term_string}"},"query-input":{"@type":"PropertyValueSpecification","valueRequired":true,"valueName":"search_term_string"}}],"inLanguage":"it-IT"}]}},"_links":{"self":[{"href":"https:\/\/www.team-shipping.com\/it\/wp-json\/wp\/v2\/pages\/3","targetHints":{"allow":["GET"]}}],"collection":[{"href":"https:\/\/www.team-shipping.com\/it\/wp-json\/wp\/v2\/pages"}],"about":[{"href":"https:\/\/www.team-shipping.com\/it\/wp-json\/wp\/v2\/types\/page"}],"author":[{"embeddable":true,"href":"https:\/\/www.team-shipping.com\/it\/wp-json\/wp\/v2\/users\/1"}],"replies":[{"embeddable":true,"href":"https:\/\/www.team-shipping.com\/it\/wp-json\/wp\/v2\/comments?post=3"}],"version-history":[{"count":5,"href":"https:\/\/www.team-shipping.com\/it\/wp-json\/wp\/v2\/pages\/3\/revisions"}],"predecessor-version":[{"id":2938,"href":"https:\/\/www.team-shipping.com\/it\/wp-json\/wp\/v2\/pages\/3\/revisions\/2938"}],"wp:attachment":[{"href":"https:\/\/www.team-shipping.com\/it\/wp-json\/wp\/v2\/media?parent=3"}],"curies":[{"name":"wp","href":"https:\/\/api.w.org\/{rel}","templated":true}]}}